{"id":33,"date":"2019-09-26T10:02:22","date_gmt":"2019-09-26T10:02:22","guid":{"rendered":"https:\/\/themes.muffingroup.com\/be\/carwash2\/?page_id=33"},"modified":"2021-06-10T15:21:44","modified_gmt":"2021-06-10T13:21:44","slug":"home","status":"publish","type":"page","link":"http:\/\/test.ideeundwerbung.de\/fuchs-gartenbau\/","title":{"rendered":"Home"},"content":{"rendered":"<p>[vc_row][vc_column][vc_empty_space][\/vc_column][\/vc_row][vc_row][vc_column][vc_column_text]<\/p>\n<h2 style=\"text-align: center;\">Gartenbau Johannes Fuchs<\/h2>\n<p>[\/vc_column_text][vc_row_inner][vc_column_inner width=&#8220;1\/2&#8243;][vc_column_text]Herzlich Willkommen!<\/p>\n<p>Wir freuen uns, Sie auf unserer Internetseite begr\u00fc\u00dfen zu d\u00fcrfen. Verschaffen Sie sich einen \u00dcberblick \u00fcber unsere Leistungen, die wir gerne f\u00fcr Sie planen und mit unserem jungen und motivierten Team realisieren.[\/vc_column_text][\/vc_column_inner][vc_column_inner width=&#8220;1\/2&#8243;][vc_single_image image=&#8220;92&#8243; img_size=&#8220;full&#8220;][\/vc_column_inner][\/vc_row_inner][\/vc_column][\/vc_row][vc_row el_id=&#8220;planung&#8220;][vc_column][vc_empty_space height=&#8220;5&#8243;][vc_column_text]<\/p>\n<h2 style=\"text-align: center;\">Planung und Ausf\u00fchrung<\/h2>\n<p>[\/vc_column_text][vc_row_inner][vc_column_inner][vc_column_text]Der Gartenbau ist sehr vielf\u00e4ltig und gerade deshalb bietet er eine Vielzahl an Gestaltungsm\u00f6glichkeiten. Egal, ob Sie ihren Garten um- oder neugestalten, oder nur Teilbereichen neues Leben einhauchen wollen, wir helfen Ihnen mit Ideenreichtum und Elan eine f\u00fcr Sie passende L\u00f6sung zu finden, erstellen Ihnen ganz unverbindlich ein passgenaues Angebot und freuen uns, es dann auch verwirklichen zu d\u00fcrfen.[\/vc_column_text][\/vc_column_inner][\/vc_row_inner][vc_row_inner][vc_column_inner width=&#8220;1\/3&#8243;][vc_single_image image=&#8220;94&#8243; img_size=&#8220;full&#8220;][\/vc_column_inner][vc_column_inner width=&#8220;1\/3&#8243;][vc_single_image image=&#8220;93&#8243; img_size=&#8220;full&#8220;][\/vc_column_inner][vc_column_inner width=&#8220;1\/3&#8243;][vc_single_image image=&#8220;95&#8243; img_size=&#8220;full&#8220;][\/vc_column_inner][\/vc_row_inner][\/vc_column][\/vc_row][vc_row full_width=&#8220;stretch_row&#8220; css=&#8220;.vc_custom_1618566921492{background-image: url(http:\/\/test.ideeundwerbung.de\/fuchs-gartenbau\/wp-content\/uploads\/2021\/04\/homepage-background2c.jpg?id=106) !important;background-position: center !important;background-repeat: no-repeat !important;background-size: cover !important;}&#8220; el_id=&#8220;leistungen&#8220;][vc_column][vc_column_text]<\/p>\n<h2 style=\"text-align: center;\"><span style=\"color: #ffffff;\">Unsere Leistungen<\/span><\/h2>\n<p>[\/vc_column_text][vc_empty_space height=&#8220;5&#8243;][vc_row_inner][vc_column_inner width=&#8220;2\/3&#8243;][vc_column_text]<\/p>\n<h5>Pflaster und Wege<\/h5>\n<p><span style=\"color: #ffffff;\">Wir verlegen f\u00fcr Sie Naturstein- oder Betonsteinpflaster in verschiedenen Verb\u00e4nden und schaffen dadurch \u2013 oft auch in Kombination mit anderen Materialien wie Kies oder Schotterrasen \u2013 nicht nur Pflasterfl\u00e4chen im Privat- oder Gewerbebereich, sondern auch Wege in unterschiedlichen Formen.<\/span>[\/vc_column_text][\/vc_column_inner][vc_column_inner width=&#8220;1\/3&#8243;][vc_single_image image=&#8220;96&#8243; img_size=&#8220;full&#8220;][\/vc_column_inner][\/vc_row_inner][vc_row_inner][vc_column_inner width=&#8220;1\/3&#8243;][vc_single_image image=&#8220;99&#8243; img_size=&#8220;full&#8220;][\/vc_column_inner][vc_column_inner width=&#8220;2\/3&#8243;][vc_column_text]<\/p>\n<h5>Terrassen<\/h5>\n<p><span style=\"color: #ffffff;\">Sie sind das Herz eines jeden Gartens und bieten verschiedenste Gestaltungsm\u00f6glichkeiten. Ob eckig oder geschwungen, ob aus Naturstein, Holz oder Feinstein, ob auf einer Ebene oder versetzt, ob mit Fuge oder ohne, ob im Halb- oder r\u00f6mischen Verband \u2013 wir erarbeiten mit Ihnen individuell die f\u00fcr Sie passende L\u00f6sung.<\/span><\/p>\n<p><span style=\"color: #ffffff;\">\u00a0<\/span>[\/vc_column_text][\/vc_column_inner][\/vc_row_inner][vc_row_inner][vc_column_inner width=&#8220;2\/3&#8243;][vc_column_text]<\/p>\n<h5>Mauern und Treppen<\/h5>\n<p><span style=\"color: #ffffff;\">H\u00f6henunterschiede im Gartengel\u00e4nde k\u00f6nnen oft wunderbar genutzt werden, um Mauern oder Treppen in die Planung zu integrieren. Mithilfe von Naturstein- oder Holzprodukten wird nicht nur Ihre Hangbefestigung zum Hingucker, sondern auch Terrassen- oder Beeteinfassungen.<\/span><\/p>\n<p><span style=\"color: #ffffff;\">\u00a0<\/span>[\/vc_column_text][\/vc_column_inner][vc_column_inner width=&#8220;1\/3&#8243;][vc_single_image image=&#8220;96&#8243; img_size=&#8220;full&#8220;][\/vc_column_inner][\/vc_row_inner][vc_row_inner][vc_column_inner width=&#8220;1\/3&#8243;][vc_single_image image=&#8220;94&#8243; img_size=&#8220;full&#8220;][\/vc_column_inner][vc_column_inner width=&#8220;2\/3&#8243;][vc_column_text]<\/p>\n<h5>Rasen- und Pflanzenarbeiten<\/h5>\n<p><span style=\"color: #ffffff;\">Egal ob durch Rasenansaaten oder Rollrasenverlegung, Hecken-, Geh\u00f6lz- oder Staudenanpflanzungen, das Anlegen von Beeten oder bienenfreundliche Bepflanzung \u2013 wir sorgen f\u00fcr das passende Gr\u00fcn in Ihrem Garten!<\/span><\/p>\n<p><span style=\"color: #ffffff;\">\u00a0<\/span>[\/vc_column_text][\/vc_column_inner][\/vc_row_inner][vc_row_inner][vc_column_inner width=&#8220;2\/3&#8243;][vc_column_text]<\/p>\n<h5>Z\u00e4une und Sichtschutz<\/h5>\n<p><span style=\"color: #ffffff;\">F\u00fcr Manche ist der Garten ein wichtiger Erholungs- und R\u00fcckzugsort, f\u00fcr andere wiederum Spielplatz und \u201eKindergarten\u201c \u2013 eine Grundst\u00fcckseinfriedung ist deshalb bei den meisten gew\u00fcnscht. Wir fertigen individuelle L\u00f6sungen je nach Gartensituation aus Holz und Metall, gerne auch in Kombination mit Natursteinelementen oder Pflanzungen.<\/span><\/p>\n<p><span style=\"color: #ffffff;\">\u00a0<\/span>[\/vc_column_text][\/vc_column_inner][vc_column_inner width=&#8220;1\/3&#8243;][vc_single_image image=&#8220;100&#8243; img_size=&#8220;full&#8220;][\/vc_column_inner][\/vc_row_inner][vc_row_inner][vc_column_inner width=&#8220;1\/3&#8243;][vc_single_image image=&#8220;99&#8243; img_size=&#8220;full&#8220;][\/vc_column_inner][vc_column_inner width=&#8220;2\/3&#8243;][vc_column_text]<\/p>\n<h5>Erdarbeiten<\/h5>\n<p><span style=\"color: #ffffff;\">Erdbewegungen und das Modellieren von Gel\u00e4ndeverl\u00e4ufen geh\u00f6ren bei jeder Neu- oder Umgestaltung des Gartens dazu und werden von uns \u2013 egal ob beim Bodenaustausch oder dem endg\u00fcltigen Humusieren \u2013 fachgerecht ausgef\u00fchrt.<\/span><\/p>\n<p><span style=\"color: #ffffff;\">\u00a0<\/span>[\/vc_column_text][\/vc_column_inner][\/vc_row_inner][vc_row_inner][vc_column_inner width=&#8220;2\/3&#8243;][vc_column_text]<\/p>\n<h5>Baumf\u00e4llungen und Rodungen<\/h5>\n<p><span style=\"color: #ffffff;\">Auch das Entfernen von B\u00e4umen, Hecken und B\u00fcschen oder ganze Grundst\u00fccksrodungen \u00fcbernehmen wir gerne f\u00fcr Sie.<\/span><\/p>\n<p><span style=\"color: #ffffff;\">\u00a0<\/span>[\/vc_column_text][\/vc_column_inner][vc_column_inner width=&#8220;1\/3&#8243;][vc_single_image image=&#8220;111&#8243; img_size=&#8220;full&#8220;][\/vc_column_inner][\/vc_row_inner][vc_row_inner][vc_column_inner width=&#8220;1\/3&#8243;][vc_single_image image=&#8220;95&#8243; img_size=&#8220;full&#8220;][\/vc_column_inner][vc_column_inner width=&#8220;2\/3&#8243;][vc_column_text]<\/p>\n<h5>Winterdienst<\/h5>\n<p><span style=\"color: #ffffff;\">Egal ob Gewerbegrund oder Garageneinfahrt, wir k\u00fcmmern uns um Ihre R\u00e4um- und Streuarbeiten.<\/span><\/p>\n<p><span style=\"color: #ffffff;\">\u00a0<\/span>[\/vc_column_text][\/vc_column_inner][\/vc_row_inner][vc_row_inner][vc_column_inner][vc_column_text]<\/p>\n<h5 class=\"p1\" style=\"text-align: center;\"><span style=\"color: #ffffff;\">Wir freuen uns auf Sie!<\/span><\/h5>\n<p class=\"p1\" style=\"text-align: center;\"><span style=\"color: #ffffff;\">Sollten wir Ihr Interesse geweckt haben, haben Sie Fragen oder planen Sie Projekte,<\/span><br \/>\n<span style=\"color: #ffffff;\">die auch anderweitige Leistungen beinhalten, dann kontaktieren Sie uns gerne!<\/span><\/p>\n<p class=\"p1\" style=\"text-align: center;\"><span style=\"color: #ffffff;\">Ihr Team vom Gartenbau Johannes Fuchs<\/span><\/p>\n<p>[\/vc_column_text][\/vc_column_inner][\/vc_row_inner][\/vc_column][\/vc_row][vc_row el_id=&#8220;referenzen&#8220;][vc_column][vc_empty_space height=&#8220;5&#8243;][vc_column_text]<\/p>\n<h2 style=\"text-align: center;\">Referenzen<\/h2>\n<p>[\/vc_column_text][vc_media_grid gap=&#8220;20&#8243; item=&#8220;masonryMedia_Default&#8220; grid_id=&#8220;vc_gid:1623331232765-b28d46d5-a588-7&#8243; include=&#8220;111,104,103,102,101,100,99,96,95,94,93,92&#8243;][\/vc_column][\/vc_row][vc_row el_id=&#8220;kontakt&#8220;][vc_column][vc_empty_space height=&#8220;5&#8243;][vc_column_text]<\/p>\n<h2 style=\"text-align: center;\">Kontakt und Anfahrt<\/h2>\n<p>[\/vc_column_text][vc_row_inner][vc_column_inner width=&#8220;1\/4&#8243;][vc_column_text]<\/p>\n<p style=\"text-align: right;\"><strong>Fuchs Johannes Gartenbau<\/strong><\/p>\n<p style=\"text-align: right;\">82439 Gro\u00dfweil<br \/>\n<i class=\"icon-phone\"><\/i>0 151 &#8211; 22 94 29 48<br \/>\n<i class=\"icon-mail\"><\/i>gartenbau-fuchs@web.de<\/p>\n<p>[\/vc_column_text][\/vc_column_inner][vc_column_inner width=&#8220;3\/4&#8243;]<div class=\"google-map-wrapper no_border\"><div class=\"google-map\" id=\"google-map-area-6a03502598f0f\" style=\"width:100%; height:400px;\">&nbsp;<\/div><\/div>\n[\/vc_column_inner][\/vc_row_inner][\/vc_column][\/vc_row]<\/p>\n","protected":false},"excerpt":{"rendered":"<p>[vc_row][vc_column][vc_empty_space][\/vc_column][\/vc_row][vc_row][vc_column][vc_column_text] Gartenbau Johannes Fuchs [\/vc_column_text][vc_row_inner][vc_column_inner width=&#8220;1\/2&#8243;][vc_column_text]Herzlich Willkommen! Wir freuen uns, Sie auf unserer Internetseite begr\u00fc\u00dfen zu d\u00fcrfen. Verschaffen Sie sich einen \u00dcberblick \u00fcber unsere Leistungen, die<span class=\"excerpt-hellip\"> [\u2026]<\/span><\/p>\n","protected":false},"author":1,"featured_media":0,"parent":0,"menu_order":0,"comment_status":"closed","ping_status":"closed","template":"","meta":{"footnotes":""},"class_list":["post-33","page","type-page","status-publish","hentry"],"yoast_head":"<!-- This site is optimized with the Yoast SEO plugin v16.1.1 - https:\/\/yoast.com\/wordpress\/plugins\/seo\/ -->\n<title>Home - Johannes Fuchs - Gartenbau<\/title>\n<link rel=\"canonical\" href=\"http:\/\/test.ideeundwerbung.de\/fuchs-gartenbau\/\" \/>\n<meta property=\"og:locale\" content=\"de_DE\" \/>\n<meta property=\"og:type\" content=\"article\" \/>\n<meta property=\"og:title\" content=\"Home - Johannes Fuchs - Gartenbau\" \/>\n<meta property=\"og:description\" content=\"[vc_row][vc_column][vc_empty_space][\/vc_column][\/vc_row][vc_row][vc_column][vc_column_text] Gartenbau Johannes Fuchs [\/vc_column_text][vc_row_inner][vc_column_inner width=&#8220;1\/2&#8243;][vc_column_text]Herzlich Willkommen! Wir freuen uns, Sie auf unserer Internetseite begr\u00fc\u00dfen zu d\u00fcrfen. Verschaffen Sie sich einen \u00dcberblick \u00fcber unsere Leistungen, die [\u2026]\" \/>\n<meta property=\"og:url\" content=\"http:\/\/test.ideeundwerbung.de\/fuchs-gartenbau\/\" \/>\n<meta property=\"og:site_name\" content=\"Johannes Fuchs - Gartenbau\" \/>\n<meta property=\"article:modified_time\" content=\"2021-06-10T13:21:44+00:00\" \/>\n<meta name=\"twitter:card\" content=\"summary_large_image\" \/>\n<meta name=\"twitter:label1\" content=\"Gesch\u00e4tzte Lesezeit\">\n\t<meta name=\"twitter:data1\" content=\"3\u00a0Minuten\">\n<script type=\"application\/ld+json\" class=\"yoast-schema-graph\">{\"@context\":\"https:\/\/schema.org\",\"@graph\":[{\"@type\":\"WebSite\",\"@id\":\"http:\/\/test.ideeundwerbung.de\/fuchs-gartenbau\/#website\",\"url\":\"http:\/\/test.ideeundwerbung.de\/fuchs-gartenbau\/\",\"name\":\"Johannes Fuchs - Gartenbau\",\"description\":\"Eine weitere WordPress-Website\",\"potentialAction\":[{\"@type\":\"SearchAction\",\"target\":\"http:\/\/test.ideeundwerbung.de\/fuchs-gartenbau\/?s={search_term_string}\",\"query-input\":\"required name=search_term_string\"}],\"inLanguage\":\"de\"},{\"@type\":\"WebPage\",\"@id\":\"http:\/\/test.ideeundwerbung.de\/fuchs-gartenbau\/#webpage\",\"url\":\"http:\/\/test.ideeundwerbung.de\/fuchs-gartenbau\/\",\"name\":\"Home - Johannes Fuchs - Gartenbau\",\"isPartOf\":{\"@id\":\"http:\/\/test.ideeundwerbung.de\/fuchs-gartenbau\/#website\"},\"datePublished\":\"2019-09-26T10:02:22+00:00\",\"dateModified\":\"2021-06-10T13:21:44+00:00\",\"breadcrumb\":{\"@id\":\"http:\/\/test.ideeundwerbung.de\/fuchs-gartenbau\/#breadcrumb\"},\"inLanguage\":\"de\",\"potentialAction\":[{\"@type\":\"ReadAction\",\"target\":[\"http:\/\/test.ideeundwerbung.de\/fuchs-gartenbau\/\"]}]},{\"@type\":\"BreadcrumbList\",\"@id\":\"http:\/\/test.ideeundwerbung.de\/fuchs-gartenbau\/#breadcrumb\",\"itemListElement\":[{\"@type\":\"ListItem\",\"position\":1,\"item\":{\"@type\":\"WebPage\",\"@id\":\"http:\/\/test.ideeundwerbung.de\/fuchs-gartenbau\/\",\"url\":\"http:\/\/test.ideeundwerbung.de\/fuchs-gartenbau\/\",\"name\":\"Startseite\"}},{\"@type\":\"ListItem\",\"position\":2,\"item\":{\"@type\":\"WebPage\",\"@id\":\"http:\/\/test.ideeundwerbung.de\/fuchs-gartenbau\/\",\"url\":\"http:\/\/test.ideeundwerbung.de\/fuchs-gartenbau\/\",\"name\":\"Home\"}}]}]}<\/script>\n<!-- \/ Yoast SEO plugin. -->","_links":{"self":[{"href":"http:\/\/test.ideeundwerbung.de\/fuchs-gartenbau\/wp-json\/wp\/v2\/pages\/33","targetHints":{"allow":["GET"]}}],"collection":[{"href":"http:\/\/test.ideeundwerbung.de\/fuchs-gartenbau\/wp-json\/wp\/v2\/pages"}],"about":[{"href":"http:\/\/test.ideeundwerbung.de\/fuchs-gartenbau\/wp-json\/wp\/v2\/types\/page"}],"author":[{"embeddable":true,"href":"http:\/\/test.ideeundwerbung.de\/fuchs-gartenbau\/wp-json\/wp\/v2\/users\/1"}],"replies":[{"embeddable":true,"href":"http:\/\/test.ideeundwerbung.de\/fuchs-gartenbau\/wp-json\/wp\/v2\/comments?post=33"}],"version-history":[{"count":55,"href":"http:\/\/test.ideeundwerbung.de\/fuchs-gartenbau\/wp-json\/wp\/v2\/pages\/33\/revisions"}],"predecessor-version":[{"id":140,"href":"http:\/\/test.ideeundwerbung.de\/fuchs-gartenbau\/wp-json\/wp\/v2\/pages\/33\/revisions\/140"}],"wp:attachment":[{"href":"http:\/\/test.ideeundwerbung.de\/fuchs-gartenbau\/wp-json\/wp\/v2\/media?parent=33"}],"curies":[{"name":"wp","href":"https:\/\/api.w.org\/{rel}","templated":true}]}}